{"id":79183,"date":"2019-06-01T08:10:09","date_gmt":"2019-06-01T06:10:09","guid":{"rendered":"https:\/\/helmut-newton-foundation.org\/?page_id=79183"},"modified":"2026-04-14T17:11:37","modified_gmt":"2026-04-14T15:11:37","slug":"imprint","status":"publish","type":"page","link":"https:\/\/helmut-newton-foundation.org\/en\/imprint\/","title":{"rendered":"Imprint"},"content":{"rendered":"<div class=\"wpb-content-wrapper\"><p>[vc_row][vc_column width=&#8221;1\/2&#8243;][vc_custom_heading heading_semantic=&#8221;h4&#8243; text_size=&#8221;h4&#8243;]Contact[\/vc_custom_heading][vc_column_text]Director &amp; Curator: Dr. Matthias Harder<br \/>\nAssistant: Gerti Alma Erfurt<\/p>\n<p>Adress:<br \/>\nJebensstrasse 2<br \/>\nD \u2013 10623 Berlin<br \/>\nDeutschland[\/vc_column_text][vc_column_text]&#80;h&#111;n&#101;:&#x20;+&#x34;9&#x20;3&#x30; &#x33;1&#x38;6&#x20;4&#x38;5&#x36; &#x28;&#79;&#x66;&#102;&#x69;&#99;&#x65;&#41;<br \/>\n&#105;&#110;&#x66;o&#64;&#x68;&#x65;l&#109;&#x75;&#x74;-&#110;&#x65;&#x77;t&#111;&#x6e;&#x2d;f&#111;&#x75;&#x6e;d&#97;&#x74;i&#111;&#110;&#x2e;o&#114;&#x67;[\/vc_column_text][vc_custom_heading heading_semantic=&#8221;h4&#8243; text_size=&#8221;h4&#8243;]Social Media[\/vc_custom_heading][uncode_socials size=&#8221;lead&#8221;][vc_column_text]This imprint also applies to the following social media profiles<br \/>\nFacebook: <a href=\"https:\/\/www.facebook.com\/HelmutNewtonFoundation\" target=\"_blank\" rel=\"noopener noreferrer\">https:\/\/www.facebook.com\/HelmutNewtonFoundation<\/a><br \/>\nInstagram: <a href=\"https:\/\/www.instagram.com\/helmutnewtonfoundation\/\" target=\"_blank\" rel=\"noopener noreferrer\">https:\/\/www.instagram.com\/helmutnewtonfoundation\/<\/a>[\/vc_column_text][\/vc_column][vc_column width=&#8221;1\/2&#8243;][\/vc_column][\/vc_row][vc_row row_height_percent=&#8221;0&#8243; overlay_alpha=&#8221;50&#8243; gutter_size=&#8221;3&#8243; column_width_percent=&#8221;100&#8243; shift_y=&#8221;0&#8243; z_index=&#8221;0&#8243;][vc_column column_width_percent=&#8221;100&#8243; position_vertical=&#8221;middle&#8221; gutter_size=&#8221;3&#8243; overlay_alpha=&#8221;50&#8243; shift_x=&#8221;0&#8243; shift_y=&#8221;0&#8243; shift_y_down=&#8221;0&#8243; z_index=&#8221;0&#8243; medium_width=&#8221;0&#8243; mobile_width=&#8221;0&#8243; width=&#8221;1\/1&#8243;][vc_separator sep_color=&#8221;accent&#8221; el_width=&#8221;100%&#8221; el_height=&#8221;2px&#8221;][\/vc_column][\/vc_row][vc_row row_height_percent=&#8221;0&#8243; overlay_alpha=&#8221;50&#8243; gutter_size=&#8221;3&#8243; column_width_percent=&#8221;100&#8243; shift_y=&#8221;0&#8243; z_index=&#8221;0&#8243; row_name=&#8221;Kontakt&#8221;][vc_column width=&#8221;1\/2&#8243;][vc_custom_heading heading_semantic=&#8221;h4&#8243; text_size=&#8221;h4&#8243;]Haftungsausschluss[\/vc_custom_heading][vc_column_text uncode_shortcode_id=&#8221;109912&#8243;]<\/p>\n<h5>Haftung f\u00fcr Inhalte<\/h5>\n<p>Die Inhalte unserer Seiten wurden mit gr\u00f6\u00dfter Sorgfalt erstellt. F\u00fcr die Richtigkeit, Vollst\u00e4ndigkeit und Aktualit\u00e4t der Inhalte k\u00f6nnen wir jedoch keine Gew\u00e4hr \u00fcbernehmen. Als Diensteanbieter sind wir gem\u00e4\u00df \u00a7 7 Abs.1 TMG f\u00fcr eigene Inhalte auf diesen Seiten nach den allgemeinen Gesetzen verantwortlich. Nach \u00a7\u00a7 8 bis 10 TMG sind wir als Diensteanbieter jedoch nicht verpflichtet, \u00fcbermittelte oder gespeicherte fremde Informationen zu \u00fcberwachen oder nach Umst\u00e4nden zu forschen, die auf eine rechtswidrige T\u00e4tigkeit hinweisen. Verpflichtungen zur Entfernung oder Sperrung der Nutzung von Informationen nach den allgemeinen Gesetzen bleiben hiervon unber\u00fchrt. Eine diesbez\u00fcgliche Haftung ist jedoch erst ab dem Zeitpunkt der Kenntnis einer konkreten Rechtsverletzung m\u00f6glich. Bei Bekanntwerden von entsprechenden Rechtsverletzungen werden wir diese Inhalte umgehend entfernen.<\/p>\n<h5>Haftung f\u00fcr Links<\/h5>\n<p>Unser Angebot enth\u00e4lt Links zu externen Webseiten Dritter, auf deren Inhalte wir keinen Einfluss haben. Deshalb k\u00f6nnen wir f\u00fcr diese fremden Inhalte auch keine Gew\u00e4hr \u00fcbernehmen. F\u00fcr die Inhalte der verlinkten Seiten ist stets der jeweilige Anbieter oder Betreiber der Seiten verantwortlich. Die verlinkten Seiten wurden zum Zeitpunkt der Verlinkung auf m\u00f6gliche Rechtsverst\u00f6\u00dfe \u00fcberpr\u00fcft. Rechtswidrige Inhalte waren zum Zeitpunkt der Verlinkung nicht erkennbar. Eine permanente inhaltliche Kontrolle der verlinkten Seiten ist jedoch ohne konkrete Anhaltspunkte einer Rechtsverletzung nicht zumutbar. Bei Bekanntwerden von Rechtsverletzungen werden wir derartige Links umgehend entfernen.[\/vc_column_text][\/vc_column][vc_column width=&#8221;1\/2&#8243;][\/vc_column][\/vc_row][vc_row row_height_percent=&#8221;0&#8243; overlay_alpha=&#8221;50&#8243; gutter_size=&#8221;3&#8243; column_width_percent=&#8221;100&#8243; shift_y=&#8221;0&#8243; z_index=&#8221;0&#8243;][vc_column column_width_percent=&#8221;100&#8243; position_vertical=&#8221;middle&#8221; gutter_size=&#8221;3&#8243; overlay_alpha=&#8221;50&#8243; shift_x=&#8221;0&#8243; shift_y=&#8221;0&#8243; shift_y_down=&#8221;0&#8243; z_index=&#8221;0&#8243; medium_width=&#8221;0&#8243; mobile_width=&#8221;0&#8243; width=&#8221;1\/1&#8243;][vc_separator sep_color=&#8221;accent&#8221; el_width=&#8221;100%&#8221; el_height=&#8221;2px&#8221;][\/vc_column][\/vc_row][vc_row row_height_percent=&#8221;0&#8243; overlay_alpha=&#8221;50&#8243; gutter_size=&#8221;3&#8243; column_width_percent=&#8221;100&#8243; shift_y=&#8221;0&#8243; z_index=&#8221;0&#8243; row_name=&#8221;Kontakt&#8221;][vc_column width=&#8221;1\/2&#8243;][vc_custom_heading heading_semantic=&#8221;h4&#8243; text_size=&#8221;h4&#8243;]Copyrights[\/vc_custom_heading][vc_column_text uncode_shortcode_id=&#8221;138674&#8243;]<\/p>\n<h5>Inhalte und Werke<\/h5>\n<p>Die durch die Seitenbetreiber erstellten Inhalte und Werke auf diesen Seiten unterliegen dem deutschen Urheberrecht. Die Vervielf\u00e4ltigung, Bearbeitung, Verbreitung und jede Art der Verwertung au\u00dferhalb der Grenzen des Urheberrechtes bed\u00fcrfen der schriftlichen Zustimmung des jeweiligen Autors bzw. Erstellers. Downloads und Kopien dieser Seite sind nur f\u00fcr den privaten, nicht kommerziellen Gebrauch gestattet. Soweit die Inhalte auf dieser Seite nicht vom Betreiber erstellt wurden, werden die Urheberrechte Dritter beachtet. Insbesondere werden Inhalte Dritter als solche gekennzeichnet. Sollten Sie trotzdem auf eine Urheberrechtsverletzung aufmerksam werden, bitten wir um einen entsprechenden Hinweis. Bei Bekanntwerden von Rechtsverletzungen werden wir derartige Inhalte umgehend entfernen.<\/p>\n<p><strong>\u00a9 Helmut Newton Foundation<\/strong>\u00a0for all works by Helmut Newton and Alice Springs<\/p>\n<p><strong>\u00a9 Gerhard Kassner<\/strong>\u00a0for all exhibition views (unless otherwise stated)<\/p>\n<p><strong>\u00a9 Stefan M\u00fcller<\/strong>\u00a0for the pictures of the entrance hall and the facade<\/p>\n<p><strong>Alle weitere Copyright-Angaben finden Sie direkt in den Ausstellungsgalerien oder am Fu\u00df der Bilder.<\/strong>[\/vc_column_text][vc_empty_space empty_h=&#8221;1&#8243;][vc_column_text]<\/p>\n<h4>Privacy Policy<\/h4>\n<p>You will find a privacy policy for the website <a href=\"https:\/\/helmut-newton-foundation.org\/en\/datenschutz\/\">on this page<\/a>.[\/vc_column_text][\/vc_column][vc_column width=&#8221;1\/2&#8243;][\/vc_column][\/vc_row][vc_row row_height_percent=&#8221;0&#8243; overlay_alpha=&#8221;50&#8243; gutter_size=&#8221;3&#8243; column_width_percent=&#8221;100&#8243; shift_y=&#8221;0&#8243; z_index=&#8221;0&#8243;][vc_column column_width_percent=&#8221;100&#8243; position_vertical=&#8221;middle&#8221; gutter_size=&#8221;3&#8243; overlay_alpha=&#8221;50&#8243; shift_x=&#8221;0&#8243; shift_y=&#8221;0&#8243; shift_y_down=&#8221;0&#8243; z_index=&#8221;0&#8243; medium_width=&#8221;0&#8243; mobile_width=&#8221;0&#8243; width=&#8221;1\/1&#8243;][vc_separator sep_color=&#8221;accent&#8221; el_width=&#8221;100%&#8221; el_height=&#8221;2px&#8221;][\/vc_column][\/vc_row][vc_row row_height_percent=&#8221;0&#8243; overlay_alpha=&#8221;50&#8243; gutter_size=&#8221;3&#8243; column_width_percent=&#8221;100&#8243; shift_y=&#8221;0&#8243; z_index=&#8221;0&#8243; row_name=&#8221;Agentur&#8221;][vc_column width=&#8221;1\/2&#8243;][vc_custom_heading heading_semantic=&#8221;h4&#8243; text_size=&#8221;h4&#8243;]Design and Implementation[\/vc_custom_heading][vc_column_text]<a href=\"https:\/\/stephane-hugel.de\/\" target=\"_blank\" rel=\"noopener noreferrer\">St\u00e9phane Hugel<\/a>, Berlin[\/vc_column_text][\/vc_column][vc_column width=&#8221;1\/2&#8243;][\/vc_column][\/vc_row][vc_row][vc_column width=&#8221;1\/1&#8243;][vc_empty_space empty_h=&#8221;2&#8243;][\/vc_column][\/vc_row]<\/p>\n<\/div>","protected":false},"excerpt":{"rendered":"<p>[vc_row][vc_column width=&#8221;1\/2&#8243;][vc_custom_heading heading_semantic=&#8221;h4&#8243; text_size=&#8221;h4&#8243;]Contact[\/vc_custom_heading][vc_column_text]Director &amp; Curator: Dr. Matthias Harder Assistant: Gerti Alma Erfurt Adress: Jebensstrasse 2 D \u2013 10623 Berlin [&hellip;]<\/p>\n","protected":false},"author":1,"featured_media":0,"parent":0,"menu_order":0,"comment_status":"closed","ping_status":"closed","template":"","meta":{"footnotes":""},"class_list":["post-79183","page","type-page","status-publish","hentry"],"yoast_head":"<!-- This site is optimized with the Yoast SEO plugin v26.7 - https:\/\/yoast.com\/wordpress\/plugins\/seo\/ -->\n<title>Imprint &#8211; HELMUT NEWTON FOUNDATION<\/title>\n<meta name=\"robots\" content=\"index, follow, max-snippet:-1, max-image-preview:large, max-video-preview:-1\" \/>\n<link rel=\"canonical\" href=\"https:\/\/helmut-newton-foundation.org\/en\/imprint\/\" \/>\n<meta property=\"og:locale\" content=\"en_US\" \/>\n<meta property=\"og:type\" content=\"article\" \/>\n<meta property=\"og:title\" content=\"Imprint &#8211; HELMUT NEWTON FOUNDATION\" \/>\n<meta property=\"og:description\" content=\"[vc_row][vc_column width=&#8221;1\/2&#8243;][vc_custom_heading heading_semantic=&#8221;h4&#8243; text_size=&#8221;h4&#8243;]Contact[\/vc_custom_heading][vc_column_text]Director &amp; Curator: Dr. Matthias Harder Assistant: Gerti Alma Erfurt Adress: Jebensstrasse 2 D \u2013 10623 Berlin [&hellip;]\" \/>\n<meta property=\"og:url\" content=\"https:\/\/helmut-newton-foundation.org\/en\/imprint\/\" \/>\n<meta property=\"og:site_name\" content=\"HELMUT NEWTON FOUNDATION\" \/>\n<meta property=\"article:publisher\" content=\"https:\/\/www.facebook.com\/HelmutNewtonFoundation\/\" \/>\n<meta property=\"article:modified_time\" content=\"2026-04-14T15:11:37+00:00\" \/>\n<meta property=\"og:image\" content=\"https:\/\/helmut-newton-foundation.org\/wp-content\/uploads\/2020\/10\/26_America-1970s80s_04_NEWTON_Sigourney-Weaver-LA.jpg\" \/>\n\t<meta property=\"og:image:width\" content=\"720\" \/>\n\t<meta property=\"og:image:height\" content=\"1068\" \/>\n\t<meta property=\"og:image:type\" content=\"image\/jpeg\" \/>\n<meta name=\"twitter:card\" content=\"summary_large_image\" \/>\n<meta name=\"twitter:label1\" content=\"Est. reading time\" \/>\n\t<meta name=\"twitter:data1\" content=\"3 minutes\" \/>\n<script type=\"application\/ld+json\" class=\"yoast-schema-graph\">{\"@context\":\"https:\/\/schema.org\",\"@graph\":[{\"@type\":\"WebPage\",\"@id\":\"https:\/\/helmut-newton-foundation.org\/en\/imprint\/\",\"url\":\"https:\/\/helmut-newton-foundation.org\/en\/imprint\/\",\"name\":\"Imprint &#8211; HELMUT NEWTON FOUNDATION\",\"isPartOf\":{\"@id\":\"https:\/\/helmut-newton-foundation.org\/#website\"},\"datePublished\":\"2019-06-01T06:10:09+00:00\",\"dateModified\":\"2026-04-14T15:11:37+00:00\",\"breadcrumb\":{\"@id\":\"https:\/\/helmut-newton-foundation.org\/en\/imprint\/#breadcrumb\"},\"inLanguage\":\"en-US\",\"potentialAction\":[{\"@type\":\"ReadAction\",\"target\":[\"https:\/\/helmut-newton-foundation.org\/en\/imprint\/\"]}]},{\"@type\":\"BreadcrumbList\",\"@id\":\"https:\/\/helmut-newton-foundation.org\/en\/imprint\/#breadcrumb\",\"itemListElement\":[{\"@type\":\"ListItem\",\"position\":1,\"name\":\"Startseite\",\"item\":\"https:\/\/helmut-newton-foundation.org\/en\/\"},{\"@type\":\"ListItem\",\"position\":2,\"name\":\"Imprint\"}]},{\"@type\":\"WebSite\",\"@id\":\"https:\/\/helmut-newton-foundation.org\/#website\",\"url\":\"https:\/\/helmut-newton-foundation.org\/\",\"name\":\"HELMUT NEWTON FOUNDATION\",\"description\":\"\",\"publisher\":{\"@id\":\"https:\/\/helmut-newton-foundation.org\/#organization\"},\"potentialAction\":[{\"@type\":\"SearchAction\",\"target\":{\"@type\":\"EntryPoint\",\"urlTemplate\":\"https:\/\/helmut-newton-foundation.org\/?s={search_term_string}\"},\"query-input\":{\"@type\":\"PropertyValueSpecification\",\"valueRequired\":true,\"valueName\":\"search_term_string\"}}],\"inLanguage\":\"en-US\"},{\"@type\":\"Organization\",\"@id\":\"https:\/\/helmut-newton-foundation.org\/#organization\",\"name\":\"Helmut Newton Foundation\",\"url\":\"https:\/\/helmut-newton-foundation.org\/\",\"logo\":{\"@type\":\"ImageObject\",\"inLanguage\":\"en-US\",\"@id\":\"https:\/\/helmut-newton-foundation.org\/#\/schema\/logo\/image\/\",\"url\":\"https:\/\/helmut-newton-foundation.org\/wp-content\/uploads\/2019\/05\/00_foyer_klein.jpg\",\"contentUrl\":\"https:\/\/helmut-newton-foundation.org\/wp-content\/uploads\/2019\/05\/00_foyer_klein.jpg\",\"width\":1032,\"height\":733,\"caption\":\"Helmut Newton Foundation\"},\"image\":{\"@id\":\"https:\/\/helmut-newton-foundation.org\/#\/schema\/logo\/image\/\"},\"sameAs\":[\"https:\/\/www.facebook.com\/HelmutNewtonFoundation\/\",\"https:\/\/www.instagram.com\/helmutnewtonfoundation\/\"]}]}<\/script>\n<!-- \/ Yoast SEO plugin. -->","yoast_head_json":{"title":"Imprint &#8211; HELMUT NEWTON FOUNDATION","robots":{"index":"index","follow":"follow","max-snippet":"max-snippet:-1","max-image-preview":"max-image-preview:large","max-video-preview":"max-video-preview:-1"},"canonical":"https:\/\/helmut-newton-foundation.org\/en\/imprint\/","og_locale":"en_US","og_type":"article","og_title":"Imprint &#8211; HELMUT NEWTON FOUNDATION","og_description":"[vc_row][vc_column width=&#8221;1\/2&#8243;][vc_custom_heading heading_semantic=&#8221;h4&#8243; text_size=&#8221;h4&#8243;]Contact[\/vc_custom_heading][vc_column_text]Director &amp; Curator: Dr. Matthias Harder Assistant: Gerti Alma Erfurt Adress: Jebensstrasse 2 D \u2013 10623 Berlin [&hellip;]","og_url":"https:\/\/helmut-newton-foundation.org\/en\/imprint\/","og_site_name":"HELMUT NEWTON FOUNDATION","article_publisher":"https:\/\/www.facebook.com\/HelmutNewtonFoundation\/","article_modified_time":"2026-04-14T15:11:37+00:00","og_image":[{"width":720,"height":1068,"url":"https:\/\/helmut-newton-foundation.org\/wp-content\/uploads\/2020\/10\/26_America-1970s80s_04_NEWTON_Sigourney-Weaver-LA.jpg","type":"image\/jpeg"}],"twitter_card":"summary_large_image","twitter_misc":{"Est. reading time":"3 minutes"},"schema":{"@context":"https:\/\/schema.org","@graph":[{"@type":"WebPage","@id":"https:\/\/helmut-newton-foundation.org\/en\/imprint\/","url":"https:\/\/helmut-newton-foundation.org\/en\/imprint\/","name":"Imprint &#8211; HELMUT NEWTON FOUNDATION","isPartOf":{"@id":"https:\/\/helmut-newton-foundation.org\/#website"},"datePublished":"2019-06-01T06:10:09+00:00","dateModified":"2026-04-14T15:11:37+00:00","breadcrumb":{"@id":"https:\/\/helmut-newton-foundation.org\/en\/imprint\/#breadcrumb"},"inLanguage":"en-US","potentialAction":[{"@type":"ReadAction","target":["https:\/\/helmut-newton-foundation.org\/en\/imprint\/"]}]},{"@type":"BreadcrumbList","@id":"https:\/\/helmut-newton-foundation.org\/en\/imprint\/#breadcrumb","itemListElement":[{"@type":"ListItem","position":1,"name":"Startseite","item":"https:\/\/helmut-newton-foundation.org\/en\/"},{"@type":"ListItem","position":2,"name":"Imprint"}]},{"@type":"WebSite","@id":"https:\/\/helmut-newton-foundation.org\/#website","url":"https:\/\/helmut-newton-foundation.org\/","name":"HELMUT NEWTON FOUNDATION","description":"","publisher":{"@id":"https:\/\/helmut-newton-foundation.org\/#organization"},"potentialAction":[{"@type":"SearchAction","target":{"@type":"EntryPoint","urlTemplate":"https:\/\/helmut-newton-foundation.org\/?s={search_term_string}"},"query-input":{"@type":"PropertyValueSpecification","valueRequired":true,"valueName":"search_term_string"}}],"inLanguage":"en-US"},{"@type":"Organization","@id":"https:\/\/helmut-newton-foundation.org\/#organization","name":"Helmut Newton Foundation","url":"https:\/\/helmut-newton-foundation.org\/","logo":{"@type":"ImageObject","inLanguage":"en-US","@id":"https:\/\/helmut-newton-foundation.org\/#\/schema\/logo\/image\/","url":"https:\/\/helmut-newton-foundation.org\/wp-content\/uploads\/2019\/05\/00_foyer_klein.jpg","contentUrl":"https:\/\/helmut-newton-foundation.org\/wp-content\/uploads\/2019\/05\/00_foyer_klein.jpg","width":1032,"height":733,"caption":"Helmut Newton Foundation"},"image":{"@id":"https:\/\/helmut-newton-foundation.org\/#\/schema\/logo\/image\/"},"sameAs":["https:\/\/www.facebook.com\/HelmutNewtonFoundation\/","https:\/\/www.instagram.com\/helmutnewtonfoundation\/"]}]}},"_links":{"self":[{"href":"https:\/\/helmut-newton-foundation.org\/en\/wp-json\/wp\/v2\/pages\/79183","targetHints":{"allow":["GET"]}}],"collection":[{"href":"https:\/\/helmut-newton-foundation.org\/en\/wp-json\/wp\/v2\/pages"}],"about":[{"href":"https:\/\/helmut-newton-foundation.org\/en\/wp-json\/wp\/v2\/types\/page"}],"author":[{"embeddable":true,"href":"https:\/\/helmut-newton-foundation.org\/en\/wp-json\/wp\/v2\/users\/1"}],"replies":[{"embeddable":true,"href":"https:\/\/helmut-newton-foundation.org\/en\/wp-json\/wp\/v2\/comments?post=79183"}],"version-history":[{"count":21,"href":"https:\/\/helmut-newton-foundation.org\/en\/wp-json\/wp\/v2\/pages\/79183\/revisions"}],"predecessor-version":[{"id":84840,"href":"https:\/\/helmut-newton-foundation.org\/en\/wp-json\/wp\/v2\/pages\/79183\/revisions\/84840"}],"wp:attachment":[{"href":"https:\/\/helmut-newton-foundation.org\/en\/wp-json\/wp\/v2\/media?parent=79183"}],"curies":[{"name":"wp","href":"https:\/\/api.w.org\/{rel}","templated":true}]}}